
{"id":1867,"date":"2022-05-03T00:40:14","date_gmt":"2022-05-03T00:40:14","guid":{"rendered":"https:\/\/artx.hr\/?page_id=1867"},"modified":"2023-03-31T08:05:21","modified_gmt":"2023-03-31T08:05:21","slug":"sistemi-oscuranti","status":"publish","type":"page","link":"https:\/\/artx.hr\/it\/sistemi-oscuranti","title":{"rendered":"Sistemi oscuranti"},"content":{"rendered":"<div id=\"zastita_items_container\" class=\"vc_row wpb_row vc_row-fluid sadrzaj items_no_image vc_custom_1668339290688\"><div class=\"proizvodi_item wpb_column vc_column_container vc_col-sm-4 vc_col-has-fill sc_layouts_column_icons_position_left\" id=\"zastita_item_rolete\"><div class=\"vc_column-inner vc_custom_1668339219264\"><div class=\"wpb_wrapper\">\n\t<div class=\"wpb_raw_code wpb_content_element wpb_raw_html vc_custom_1680249943369 proizvodi_item_text\" >\n\t\t<div class=\"wpb_wrapper\">\n\t\t\t<h4 style=\"text-align: center;\">Tapparelle<\/h4>\n<a class=\"link_opsirnije\" href=\"https:\/\/artx.hr\/it\/tapparelle\">SCOPRI DI PI\u00d9<\/a>\n\t\t<\/div>\n\t<\/div>\n<\/div><\/div><\/div><div class=\"proizvodi_item wpb_column vc_column_container vc_col-sm-4 vc_col-has-fill sc_layouts_column_icons_position_left\" id=\"zastita_item_grilje\"><div class=\"vc_column-inner vc_custom_1668339242450\"><div class=\"wpb_wrapper\">\n\t<div class=\"wpb_raw_code wpb_content_element wpb_raw_html vc_custom_1680249950470 proizvodi_item_text\" >\n\t\t<div class=\"wpb_wrapper\">\n\t\t\t<h4 style=\"text-align: center;\">Persiane<\/h4>\n<a class=\"link_opsirnije\" href=\"https:\/\/artx.hr\/it\/persiane\">SCOPRI DI PI\u00d9<\/a>\n\t\t<\/div>\n\t<\/div>\n<\/div><\/div><\/div><div class=\"proizvodi_item wpb_column vc_column_container vc_col-sm-4 vc_col-has-fill sc_layouts_column_icons_position_left\" id=\"zastita_item_zaluzine\"><div class=\"vc_column-inner vc_custom_1668339265184\"><div class=\"wpb_wrapper\">\n\t<div class=\"wpb_raw_code wpb_content_element wpb_raw_html vc_custom_1680249955901 proizvodi_item_text\" >\n\t\t<div class=\"wpb_wrapper\">\n\t\t\t<h4 style=\"text-align: center;\">Frangisole<\/h4>\n<a class=\"link_opsirnije\" href=\"https:\/\/artx.hr\/it\/frangisole\">SCOPRI DI PI\u00d9<\/a>\n\t\t<\/div>\n\t<\/div>\n<\/div><\/div><\/div><\/div>","protected":false},"excerpt":{"rendered":"Tapparelle SCOPRI DI PI\u00d9 Persiane SCOPRI DI PI\u00d9 Frangisole SCOPRI DI PI\u00d9","protected":false},"author":1,"featured_media":0,"parent":0,"menu_order":0,"comment_status":"closed","ping_status":"closed","template":"","meta":{"_acf_changed":false,"ngg_post_thumbnail":0,"footnotes":""},"class_list":["post-1867","page","type-page","status-publish","hentry"],"acf":[],"_links":{"self":[{"href":"https:\/\/artx.hr\/it\/wp-json\/wp\/v2\/pages\/1867","targetHints":{"allow":["GET"]}}],"collection":[{"href":"https:\/\/artx.hr\/it\/wp-json\/wp\/v2\/pages"}],"about":[{"href":"https:\/\/artx.hr\/it\/wp-json\/wp\/v2\/types\/page"}],"author":[{"embeddable":true,"href":"https:\/\/artx.hr\/it\/wp-json\/wp\/v2\/users\/1"}],"replies":[{"embeddable":true,"href":"https:\/\/artx.hr\/it\/wp-json\/wp\/v2\/comments?post=1867"}],"version-history":[{"count":4,"href":"https:\/\/artx.hr\/it\/wp-json\/wp\/v2\/pages\/1867\/revisions"}],"predecessor-version":[{"id":1988,"href":"https:\/\/artx.hr\/it\/wp-json\/wp\/v2\/pages\/1867\/revisions\/1988"}],"wp:attachment":[{"href":"https:\/\/artx.hr\/it\/wp-json\/wp\/v2\/media?parent=1867"}],"curies":[{"name":"wp","href":"https:\/\/api.w.org\/{rel}","templated":true}]}}