
{"id":1855,"date":"2022-05-03T00:43:27","date_gmt":"2022-05-03T00:43:27","guid":{"rendered":"https:\/\/artx.hr\/?page_id=1855"},"modified":"2023-03-23T12:34:07","modified_gmt":"2023-03-23T12:34:07","slug":"finestre-porte-balcone-alluminio","status":"publish","type":"page","link":"https:\/\/artx.hr\/it\/finestre-porte-balcone-alluminio","title":{"rendered":"Finestre e porte balcone in alluminio"},"content":{"rendered":"<div id=\"alu_prozori_balkonska_vrata_uvod\" class=\"vc_row wpb_row vc_row-fluid vc_custom_1668618293079 vc_row-has-fill\"><div class=\"about_text_proizvodi_left wpb_column vc_column_container vc_col-sm-4 sc_layouts_column_icons_position_left\"><div class=\"vc_column-inner vc_custom_1668854269322\"><div class=\"wpb_wrapper\">\n\t<div class=\"wpb_text_column wpb_content_element  wpb_animate_when_almost_visible wpb_fadeInRight fadeInRight\" >\n\t\t<div class=\"wpb_wrapper\">\n\t\t\t<p class=\"uvod_stranice_text\" style=\"text-align: left;\">Nell&#8217;offerta di Art X potete trovare le finestre e le porte <strong>senza interruzione del ponte termico \u2013 PROFILI IN ALLUMINIO A TAGLIO FREDDO<\/strong> e le finestre e le porte <strong>con interruzione del ponte termico \u2013 PROFILI IN ALLUMINIO A TAGLIO TERMICO<\/strong>.<\/p>\n\n\t\t<\/div>\n\t<\/div>\n<\/div><\/div><\/div><div class=\"about_proizvodi_img wpb_animate_when_almost_visible wpb_fadeIn fadeIn wpb_column vc_column_container vc_col-sm-8 sc_layouts_column_icons_position_left\"><div class=\"vc_column-inner vc_custom_1668618403013\"><div class=\"wpb_wrapper\">\n\t<div  class=\"wpb_single_image wpb_content_element vc_align_center\">\n\t\t\n\t\t<figure class=\"wpb_wrapper vc_figure\">\n\t\t\t<div class=\"vc_single_image-wrapper   vc_box_border_grey\"><img loading=\"lazy\" decoding=\"async\" width=\"1350\" height=\"955\" src=\"https:\/\/artx.hr\/wp-content\/uploads\/2022\/11\/alu_prozori.jpg\" class=\"vc_single_image-img attachment-full\" alt=\"Art X\" srcset=\"https:\/\/artx.hr\/wp-content\/uploads\/2022\/11\/alu_prozori.jpg 1350w, https:\/\/artx.hr\/wp-content\/uploads\/2022\/11\/alu_prozori-600x424.jpg 600w, https:\/\/artx.hr\/wp-content\/uploads\/2022\/11\/alu_prozori-300x212.jpg 300w, https:\/\/artx.hr\/wp-content\/uploads\/2022\/11\/alu_prozori-1024x724.jpg 1024w, https:\/\/artx.hr\/wp-content\/uploads\/2022\/11\/alu_prozori-768x543.jpg 768w, https:\/\/artx.hr\/wp-content\/uploads\/2022\/11\/alu_prozori-370x262.jpg 370w, https:\/\/artx.hr\/wp-content\/uploads\/2022\/11\/alu_prozori-760x538.jpg 760w\" sizes=\"auto, (max-width: 1350px) 100vw, 1350px\" title=\"\"><\/div>\n\t\t<\/figure>\n\t<\/div>\n<\/div><\/div><\/div><\/div><div id=\"hladni_alu_profili_container\" class=\"vc_row wpb_row vc_row-fluid sadrzaj vc_custom_1668860835115\"><div class=\"text_stranice wpb_animate_when_almost_visible wpb_fadeInLeft fadeInLeft wpb_column vc_column_container vc_col-sm-6 sc_layouts_column_icons_position_left\" id=\"hladni_alu_profili_text\"><div class=\"vc_column-inner vc_custom_1668859959663\"><div class=\"wpb_wrapper\">\n\t<div class=\"wpb_text_column wpb_content_element  vc_custom_1679574691951\" id=\"hladni_alu_profili_text_inner\">\n\t\t<div class=\"wpb_wrapper\">\n\t\t\t<p><strong>Finestre e porte senza interruzione del ponte termico \u2013 PROFILI IN ALLUMINIO A TAGLIO FREDDO<\/strong><\/p>\n<p>Per la chiusura di terrazze, balconi, cantine, giardini d&#8217;inverno senza riscaldamento\/raffreddamento o per la divisione di spazi interni si possono utilizzare dei profili stretti in alluminio che non hanno la capacit\u00e0 di interrompere il ponte termico. Infatti, svolgeranno perfettamente la loro funzione di chiusura, pero&#8217; un ponte termico continuo (non interrotto) molto spesso causa maggiori perdite di calore.<\/p>\n\n\t\t<\/div>\n\t<\/div>\n<\/div><\/div><\/div><div class=\"hladni_alu_profili_img_container wpb_animate_when_almost_visible wpb_fadeIn fadeIn wpb_column vc_column_container vc_col-sm-6 sc_layouts_column_icons_position_left\" id=\"hladni_alu_profili_img\"><div class=\"vc_column-inner vc_custom_1668860026084\"><div class=\"wpb_wrapper\">\n\t<div  class=\"wpb_single_image wpb_content_element vc_align_right\">\n\t\t\n\t\t<figure class=\"wpb_wrapper vc_figure\">\n\t\t\t<div class=\"vc_single_image-wrapper   vc_box_border_grey\"><img loading=\"lazy\" decoding=\"async\" width=\"1200\" height=\"700\" src=\"https:\/\/artx.hr\/wp-content\/uploads\/2022\/11\/termo_aluminij.jpg\" class=\"vc_single_image-img attachment-full\" alt=\"Prozori i vrata bez prekinutog termi\u010dkog mosta \u2013 HLADNI ALUMINIJSKI PROFILI\" srcset=\"https:\/\/artx.hr\/wp-content\/uploads\/2022\/11\/termo_aluminij.jpg 1200w, https:\/\/artx.hr\/wp-content\/uploads\/2022\/11\/termo_aluminij-600x350.jpg 600w, https:\/\/artx.hr\/wp-content\/uploads\/2022\/11\/termo_aluminij-300x175.jpg 300w, https:\/\/artx.hr\/wp-content\/uploads\/2022\/11\/termo_aluminij-1024x597.jpg 1024w, https:\/\/artx.hr\/wp-content\/uploads\/2022\/11\/termo_aluminij-768x448.jpg 768w, https:\/\/artx.hr\/wp-content\/uploads\/2022\/11\/termo_aluminij-370x216.jpg 370w, https:\/\/artx.hr\/wp-content\/uploads\/2022\/11\/termo_aluminij-760x443.jpg 760w\" sizes=\"auto, (max-width: 1200px) 100vw, 1200px\" title=\"\"><\/div>\n\t\t<\/figure>\n\t<\/div>\n<\/div><\/div><\/div><\/div><div id=\"termo_alu_profili_container\" class=\"vc_row wpb_row vc_row-fluid sadrzaj vc_custom_1669218187927\"><div class=\"termo_alu_profili_img_container wpb_animate_when_almost_visible wpb_fadeIn fadeIn wpb_column vc_column_container vc_col-sm-6 sc_layouts_column_icons_position_left\" id=\"termo_alu_profili_img\"><div class=\"vc_column-inner vc_custom_1668860720365\"><div class=\"wpb_wrapper\">\n\t<div  class=\"wpb_single_image wpb_content_element vc_align_left\">\n\t\t\n\t\t<figure class=\"wpb_wrapper vc_figure\">\n\t\t\t<div class=\"vc_single_image-wrapper   vc_box_border_grey\"><img loading=\"lazy\" decoding=\"async\" width=\"1200\" height=\"999\" src=\"https:\/\/artx.hr\/wp-content\/uploads\/2022\/11\/hladni_aluminij.jpg\" class=\"vc_single_image-img attachment-full\" alt=\"Prozori i vrata s prekinutim termi\u010dkim mostom \u2013 TERMO ALUMINIJSKI PROFILI\" srcset=\"https:\/\/artx.hr\/wp-content\/uploads\/2022\/11\/hladni_aluminij.jpg 1200w, https:\/\/artx.hr\/wp-content\/uploads\/2022\/11\/hladni_aluminij-600x500.jpg 600w, https:\/\/artx.hr\/wp-content\/uploads\/2022\/11\/hladni_aluminij-300x250.jpg 300w, https:\/\/artx.hr\/wp-content\/uploads\/2022\/11\/hladni_aluminij-1024x852.jpg 1024w, https:\/\/artx.hr\/wp-content\/uploads\/2022\/11\/hladni_aluminij-768x639.jpg 768w, https:\/\/artx.hr\/wp-content\/uploads\/2022\/11\/hladni_aluminij-370x308.jpg 370w, https:\/\/artx.hr\/wp-content\/uploads\/2022\/11\/hladni_aluminij-760x633.jpg 760w\" sizes=\"auto, (max-width: 1200px) 100vw, 1200px\" title=\"\"><\/div>\n\t\t<\/figure>\n\t<\/div>\n<\/div><\/div><\/div><div class=\"text_stranice wpb_animate_when_almost_visible wpb_fadeInRight fadeInRight wpb_column vc_column_container vc_col-sm-6 sc_layouts_column_icons_position_left\" id=\"termo_alu_profili_text\"><div class=\"vc_column-inner vc_custom_1668860645065\"><div class=\"wpb_wrapper\">\n\t<div class=\"wpb_text_column wpb_content_element  vc_custom_1679574839704\" id=\"termo_alu_profili_text_inner\">\n\t\t<div class=\"wpb_wrapper\">\n\t\t\t<p><strong>Finestre e porte con interruzione del ponte termico \u2013 PROFILI IN ALLUMINIO A TAGLIO TERMICO<\/strong><\/p>\n<p>Se le esigenze del cliente richiedono delle elevate prestazioni termiche al momento dell&#8217;installazione degli infissi in case unifamiliari, edifici plurifamiliari, case di vacanza, che hanno bisogno di essere riscaldate o raffreddate quotidianamente, un\u2019ottima soluzione sono porte e finestre a taglio termico. Il taglio termico \u00e8 una specie di barriera continua tra il profilo in alluminio esterno e quello interno. Interrompendo la conducibilit\u00e0 termica si riduce il flusso di calore dall&#8217;interno verso l&#8217;esterno durante l&#8217;inverno nonch\u00e9 il flusso di calore dall&#8217;esterno verso l&#8217;interno durante l&#8217;estate, assicurando non solo un maggior comfort abitativo all&#8217;interno dell\u2019unit\u00e0 durante tutto l&#8217;anno, ma anche risparmio energetico sulle spese di riscaldamento e raffrescamento.<\/p>\n\n\t\t<\/div>\n\t<\/div>\n<\/div><\/div><\/div><\/div>","protected":false},"excerpt":{"rendered":"Nell'offerta di Art X potete trovare le finestre e le porte senza interruzione del ponte termico \u2013 PROFILI IN ALLUMINIO A TAGLIO FREDDO e le finestre e le porte con interruzione del ponte termico \u2013 PROFILI IN ALLUMINIO A TAGLIO TERMICO. Finestre e porte senza interruzione del ponte termico \u2013 PROFILI IN ALLUMINIO A TAGLIO FREDDO Per la chiusura di&hellip;","protected":false},"author":1,"featured_media":0,"parent":0,"menu_order":0,"comment_status":"closed","ping_status":"closed","template":"","meta":{"_acf_changed":false,"ngg_post_thumbnail":0,"footnotes":""},"class_list":["post-1855","page","type-page","status-publish","hentry"],"acf":[],"_links":{"self":[{"href":"https:\/\/artx.hr\/it\/wp-json\/wp\/v2\/pages\/1855","targetHints":{"allow":["GET"]}}],"collection":[{"href":"https:\/\/artx.hr\/it\/wp-json\/wp\/v2\/pages"}],"about":[{"href":"https:\/\/artx.hr\/it\/wp-json\/wp\/v2\/types\/page"}],"author":[{"embeddable":true,"href":"https:\/\/artx.hr\/it\/wp-json\/wp\/v2\/users\/1"}],"replies":[{"embeddable":true,"href":"https:\/\/artx.hr\/it\/wp-json\/wp\/v2\/comments?post=1855"}],"version-history":[{"count":5,"href":"https:\/\/artx.hr\/it\/wp-json\/wp\/v2\/pages\/1855\/revisions"}],"predecessor-version":[{"id":1860,"href":"https:\/\/artx.hr\/it\/wp-json\/wp\/v2\/pages\/1855\/revisions\/1860"}],"wp:attachment":[{"href":"https:\/\/artx.hr\/it\/wp-json\/wp\/v2\/media?parent=1855"}],"curies":[{"name":"wp","href":"https:\/\/api.w.org\/{rel}","templated":true}]}}