
{"id":1850,"date":"2022-05-03T00:43:49","date_gmt":"2022-05-03T00:43:49","guid":{"rendered":"https:\/\/artx.hr\/?page_id=1850"},"modified":"2023-05-01T09:20:41","modified_gmt":"2023-05-01T09:20:41","slug":"porte-alluminio","status":"publish","type":"page","link":"https:\/\/artx.hr\/it\/porte-alluminio","title":{"rendered":"Porte in alluminio"},"content":{"rendered":"<div id=\"alu_vrata_uvod\" class=\"vc_row wpb_row vc_row-fluid vc_custom_1668853275475 vc_row-has-fill\"><div class=\"about_text_proizvodi_left wpb_column vc_column_container vc_col-sm-4 sc_layouts_column_icons_position_left\"><div class=\"vc_column-inner vc_custom_1668615728775\"><div class=\"wpb_wrapper\">\n\t<div class=\"wpb_text_column wpb_content_element  wpb_animate_when_almost_visible wpb_fadeInRight fadeInRight vc_custom_1682932829720\" id=\"alu_vrata_uvod_text_inner\">\n\t\t<div class=\"wpb_wrapper\">\n\t\t\t<p class=\"uvod_stranice_text\" style=\"text-align: left;\"><span data-contrast=\"auto\">Con i sistemi di alluminio \u00e8 possibile realizzare porte in una serie di stili diversi. Grazie soprattutto alla flessibilit\u00e0 del sistema l&#8217;architetto sar\u00e0 in grado di stabilire requisiti precisi in termini di funzionalit\u00e0, estetica, isolamento termico, resistenza all&#8217;effrazione, al fumo e al fuoco. La stessa flessibilit\u00e0 si ha anche nel caso di sistemi senza l&#8217;isolamento termico (profilo in alluminio a taglio freddo). Infatti, si tratta di profili progettati per la realizzazione di pareti divisorie interne o porte interne.<\/span><\/p>\n\n\t\t<\/div>\n\t<\/div>\n\n\t<div class=\"wpb_raw_code wpb_content_element wpb_raw_html vc_custom_1679573221597 konfigurator_vrata\" >\n\t\t<div class=\"wpb_wrapper\">\n\t\t\t<a href=\"https:\/\/marlex.door-konfigurator.com\" target=\"_blank\" rel=\"nofollow noopener\">Configuratore di porte<\/a>\n\t\t<\/div>\n\t<\/div>\n<\/div><\/div><\/div><div class=\"about_proizvodi_img wpb_animate_when_almost_visible wpb_fadeIn fadeIn wpb_column vc_column_container vc_col-sm-8 sc_layouts_column_icons_position_left\"><div class=\"vc_column-inner vc_custom_1668615757421\"><div class=\"wpb_wrapper\">\n\t<div  class=\"wpb_single_image wpb_content_element vc_align_center\">\n\t\t\n\t\t<figure class=\"wpb_wrapper vc_figure\">\n\t\t\t<div class=\"vc_single_image-wrapper   vc_box_border_grey\"><img loading=\"lazy\" decoding=\"async\" width=\"1500\" height=\"1187\" src=\"https:\/\/artx.hr\/wp-content\/uploads\/2022\/11\/alu_vrata.jpg\" class=\"vc_single_image-img attachment-full\" alt=\"Art X\" srcset=\"https:\/\/artx.hr\/wp-content\/uploads\/2022\/11\/alu_vrata.jpg 1500w, https:\/\/artx.hr\/wp-content\/uploads\/2022\/11\/alu_vrata-600x475.jpg 600w, https:\/\/artx.hr\/wp-content\/uploads\/2022\/11\/alu_vrata-300x237.jpg 300w, https:\/\/artx.hr\/wp-content\/uploads\/2022\/11\/alu_vrata-1024x810.jpg 1024w, https:\/\/artx.hr\/wp-content\/uploads\/2022\/11\/alu_vrata-768x608.jpg 768w, https:\/\/artx.hr\/wp-content\/uploads\/2022\/11\/alu_vrata-370x293.jpg 370w, https:\/\/artx.hr\/wp-content\/uploads\/2022\/11\/alu_vrata-760x601.jpg 760w\" sizes=\"auto, (max-width: 1500px) 100vw, 1500px\" title=\"\"><\/div>\n\t\t<\/figure>\n\t<\/div>\n<\/div><\/div><\/div><\/div>","protected":false},"excerpt":{"rendered":"Con i sistemi di alluminio \u00e8 possibile realizzare porte in una serie di stili diversi. Grazie soprattutto alla flessibilit\u00e0 del sistema l'architetto sar\u00e0 in grado di stabilire requisiti precisi in termini di funzionalit\u00e0, estetica, isolamento termico, resistenza all'effrazione, al fumo e al fuoco. La stessa flessibilit\u00e0 si ha anche nel caso di sistemi senza l'isolamento termico (profilo in alluminio a&hellip;","protected":false},"author":1,"featured_media":0,"parent":0,"menu_order":0,"comment_status":"closed","ping_status":"closed","template":"","meta":{"_acf_changed":false,"ngg_post_thumbnail":0,"footnotes":""},"class_list":["post-1850","page","type-page","status-publish","hentry"],"acf":[],"_links":{"self":[{"href":"https:\/\/artx.hr\/it\/wp-json\/wp\/v2\/pages\/1850","targetHints":{"allow":["GET"]}}],"collection":[{"href":"https:\/\/artx.hr\/it\/wp-json\/wp\/v2\/pages"}],"about":[{"href":"https:\/\/artx.hr\/it\/wp-json\/wp\/v2\/types\/page"}],"author":[{"embeddable":true,"href":"https:\/\/artx.hr\/it\/wp-json\/wp\/v2\/users\/1"}],"replies":[{"embeddable":true,"href":"https:\/\/artx.hr\/it\/wp-json\/wp\/v2\/comments?post=1850"}],"version-history":[{"count":4,"href":"https:\/\/artx.hr\/it\/wp-json\/wp\/v2\/pages\/1850\/revisions"}],"predecessor-version":[{"id":2007,"href":"https:\/\/artx.hr\/it\/wp-json\/wp\/v2\/pages\/1850\/revisions\/2007"}],"wp:attachment":[{"href":"https:\/\/artx.hr\/it\/wp-json\/wp\/v2\/media?parent=1850"}],"curies":[{"name":"wp","href":"https:\/\/api.w.org\/{rel}","templated":true}]}}