
{"id":1813,"date":"2022-05-03T00:42:10","date_gmt":"2022-05-03T00:42:10","guid":{"rendered":"https:\/\/artx.hr\/?page_id=1813"},"modified":"2023-03-31T07:44:05","modified_gmt":"2023-03-31T07:44:05","slug":"porte-ingresso-pvc","status":"publish","type":"page","link":"https:\/\/artx.hr\/it\/porte-ingresso-pvc","title":{"rendered":"Porte d&#8217;ingresso in PVC"},"content":{"rendered":"<div id=\"pvc_vrata_uvod\" class=\"vc_row wpb_row vc_row-fluid vc_custom_1668420498227 vc_row-has-fill\"><div class=\"about_text_proizvodi_left wpb_column vc_column_container vc_col-sm-4 sc_layouts_column_icons_position_left\"><div class=\"vc_column-inner vc_custom_1668533665873\"><div class=\"wpb_wrapper\">\n\t<div class=\"wpb_text_column wpb_content_element  wpb_animate_when_almost_visible wpb_fadeInRight fadeInRight vc_custom_1679513551125 uvod_stranice_naslov_container\" >\n\t\t<div class=\"wpb_wrapper\">\n\t\t\t<p class=\"uvod_stranice_naslov\" style=\"text-align: left;\"><span data-contrast=\"auto\">Configura online e ritira la tua nuova porta nel punto vendita di Art X!<\/span><\/p>\n\n\t\t<\/div>\n\t<\/div>\n\n\t<div class=\"wpb_raw_code wpb_content_element wpb_raw_html vc_custom_1679513637039 konfigurator_vrata\" >\n\t\t<div class=\"wpb_wrapper\">\n\t\t\t<a href=\"https:\/\/grad-export.doorconfigurator.com\" target=\"_blank\" rel=\"nofollow noopener\">Configuratore porta in PVC<\/a>\n\t\t<\/div>\n\t<\/div>\n\n\t<div class=\"wpb_raw_code wpb_content_element wpb_raw_html\" >\n\t\t<div class=\"wpb_wrapper\">\n\t\t\t<ul class=\"nabrajanje\">\n \t<li><i class=\"fas fa-arrow-right\"><\/i><span>Versione ad un'anta, due ante o con elementi laterali<\/span><\/li>\n \t<li><i class=\"fas fa-arrow-right\"><\/i><span>Porta con sopraluce<\/span><\/li>\n \t<li><i class=\"fas fa-arrow-right\"><\/i><span>Con vetro o in combinazione con pannelli<\/span><\/li>\n \t<li><i class=\"fas fa-arrow-right\"><\/i><span>La scelta del colore, tra il colore di base, il bianco e una vasta gamma di altri colori con la possibilit\u00e0 di scelta del decoro in legno noce o diverse varianti di rovere<\/span><\/li>\n<\/ul>\n\t\t<\/div>\n\t<\/div>\n<\/div><\/div><\/div><div class=\"about_proizvodi_img wpb_animate_when_almost_visible wpb_fadeIn fadeIn wpb_column vc_column_container vc_col-sm-8 sc_layouts_column_icons_position_left\"><div class=\"vc_column-inner vc_custom_1668422387506\"><div class=\"wpb_wrapper\">\n\t<div  class=\"wpb_single_image wpb_content_element vc_align_center\">\n\t\t\n\t\t<figure class=\"wpb_wrapper vc_figure\">\n\t\t\t<div class=\"vc_single_image-wrapper   vc_box_border_grey\"><img loading=\"lazy\" decoding=\"async\" width=\"1500\" height=\"1187\" src=\"https:\/\/artx.hr\/wp-content\/uploads\/2022\/11\/pvc_vrata8.jpg\" class=\"vc_single_image-img attachment-full\" alt=\"pvc vrata Art X Aluplast IDEAL 7000 Energeto konfigurator vrata\" srcset=\"https:\/\/artx.hr\/wp-content\/uploads\/2022\/11\/pvc_vrata8.jpg 1500w, https:\/\/artx.hr\/wp-content\/uploads\/2022\/11\/pvc_vrata8-600x475.jpg 600w, https:\/\/artx.hr\/wp-content\/uploads\/2022\/11\/pvc_vrata8-300x237.jpg 300w, https:\/\/artx.hr\/wp-content\/uploads\/2022\/11\/pvc_vrata8-1024x810.jpg 1024w, https:\/\/artx.hr\/wp-content\/uploads\/2022\/11\/pvc_vrata8-768x608.jpg 768w, https:\/\/artx.hr\/wp-content\/uploads\/2022\/11\/pvc_vrata8-370x293.jpg 370w, https:\/\/artx.hr\/wp-content\/uploads\/2022\/11\/pvc_vrata8-760x601.jpg 760w\" sizes=\"auto, (max-width: 1500px) 100vw, 1500px\" title=\"\"><\/div>\n\t\t<\/figure>\n\t<\/div>\n<\/div><\/div><\/div><\/div><div id=\"ideal_energeto_container\" class=\"vc_row wpb_row vc_row-fluid sadrzaj wpb_animate_when_almost_visible wpb_fadeInRight fadeInRight vc_custom_1668447061859\"><div class=\"text_stranice text_okvir wpb_animate_when_almost_visible wpb_fadeInUp fadeInUp wpb_column vc_column_container vc_col-sm-6 vc_col-has-fill sc_layouts_column_icons_position_left\" id=\"ideal_energeto_text\"><div class=\"vc_column-inner vc_custom_1668432808061\"><div class=\"wpb_wrapper\">\n\t<div class=\"wpb_text_column wpb_content_element  wpb_animate_when_almost_visible wpb_fadeInRight fadeInRight vc_custom_1679513790451\" id=\"ideal_energeto_naslov\">\n\t\t<div class=\"wpb_wrapper\">\n\t\t\t<h4 style=\"text-align: left;\">I portoncini in PVC con profili Aluplast IDEAL 7000 Energeto\u00ae<\/h4>\n\n\t\t<\/div>\n\t<\/div>\n\n\t<div class=\"wpb_text_column wpb_content_element  wpb_animate_when_almost_visible wpb_fadeInRight fadeInRight vc_custom_1679513858841\" id=\"ideal_7000_text\">\n\t\t<div class=\"wpb_wrapper\">\n\t\t\t<p style=\"text-align: left;\">Con il sistema di alta qualit\u00e0 IDEAL 7000, l&#8217;azienda tedesca Aluplast \u00e8 diventata uno dei primi produttori a riconoscere la necessit\u00e0 di sviluppare un sistema di profili a pi\u00f9 camere dimostrando che quando si tratta di soddisfare i pi\u00f9 elevati standard dal punto di vista estetico e funzionale, non scende a compromessi. Al contempo, Aluplast ha imposto dei nuovi standard in termini di design e durabilit\u00e0, garantendo un alto grado di sicurezza per edifici sia pubblici che privati<\/p>\n\n\t\t<\/div>\n\t<\/div>\n<\/div><\/div><\/div><div class=\"wpb_column vc_column_container vc_col-sm-6 sc_layouts_column_icons_position_left\" id=\"ideal_energeto_img\"><div class=\"vc_column-inner vc_custom_1668377313472\"><div class=\"wpb_wrapper\">\n\t<div  class=\"wpb_single_image wpb_content_element vc_align_center\">\n\t\t\n\t\t<figure class=\"wpb_wrapper vc_figure\">\n\t\t\t<div class=\"vc_single_image-wrapper   vc_box_border_grey\"><img loading=\"lazy\" decoding=\"async\" width=\"1200\" height=\"1200\" src=\"https:\/\/artx.hr\/wp-content\/uploads\/2022\/11\/pvc_vrata7.jpg\" class=\"vc_single_image-img attachment-full\" alt=\"pvc vrata Art X Aluplast IDEAL 7000 Energeto konfigurator vrata\" srcset=\"https:\/\/artx.hr\/wp-content\/uploads\/2022\/11\/pvc_vrata7.jpg 1200w, https:\/\/artx.hr\/wp-content\/uploads\/2022\/11\/pvc_vrata7-300x300.jpg 300w, https:\/\/artx.hr\/wp-content\/uploads\/2022\/11\/pvc_vrata7-100x100.jpg 100w, https:\/\/artx.hr\/wp-content\/uploads\/2022\/11\/pvc_vrata7-600x600.jpg 600w, https:\/\/artx.hr\/wp-content\/uploads\/2022\/11\/pvc_vrata7-1024x1024.jpg 1024w, https:\/\/artx.hr\/wp-content\/uploads\/2022\/11\/pvc_vrata7-150x150.jpg 150w, https:\/\/artx.hr\/wp-content\/uploads\/2022\/11\/pvc_vrata7-768x768.jpg 768w, https:\/\/artx.hr\/wp-content\/uploads\/2022\/11\/pvc_vrata7-370x370.jpg 370w, https:\/\/artx.hr\/wp-content\/uploads\/2022\/11\/pvc_vrata7-172x172.jpg 172w, https:\/\/artx.hr\/wp-content\/uploads\/2022\/11\/pvc_vrata7-760x760.jpg 760w\" sizes=\"auto, (max-width: 1200px) 100vw, 1200px\" title=\"\"><\/div>\n\t\t<\/figure>\n\t<\/div>\n<\/div><\/div><\/div><\/div><div id=\"pvc_vrata_tehkar_container\" class=\"vc_row wpb_row vc_row-fluid sadrzaj vc_custom_1668458225715\"><div class=\"pvc_vrata_img_container wpb_animate_when_almost_visible wpb_fadeIn fadeIn wpb_column vc_column_container vc_col-sm-6 sc_layouts_column_icons_position_left\" id=\"ideal_7000_tehkar_img\"><div class=\"vc_column-inner vc_custom_1668447610367\"><div class=\"wpb_wrapper\">\n\t<div  class=\"wpb_single_image wpb_content_element vc_align_left\">\n\t\t\n\t\t<figure class=\"wpb_wrapper vc_figure\">\n\t\t\t<div class=\"vc_single_image-wrapper   vc_box_border_grey\"><img loading=\"lazy\" decoding=\"async\" width=\"1000\" height=\"1500\" src=\"https:\/\/artx.hr\/wp-content\/uploads\/2022\/11\/pvc_vrata_ideal_7000_2.png\" class=\"vc_single_image-img attachment-full\" alt=\"pvc vrata Art X Aluplast IDEAL 7000 Energeto konfigurator vrata\" srcset=\"https:\/\/artx.hr\/wp-content\/uploads\/2022\/11\/pvc_vrata_ideal_7000_2.png 1000w, https:\/\/artx.hr\/wp-content\/uploads\/2022\/11\/pvc_vrata_ideal_7000_2-600x900.png 600w, https:\/\/artx.hr\/wp-content\/uploads\/2022\/11\/pvc_vrata_ideal_7000_2-200x300.png 200w, https:\/\/artx.hr\/wp-content\/uploads\/2022\/11\/pvc_vrata_ideal_7000_2-683x1024.png 683w, https:\/\/artx.hr\/wp-content\/uploads\/2022\/11\/pvc_vrata_ideal_7000_2-768x1152.png 768w, https:\/\/artx.hr\/wp-content\/uploads\/2022\/11\/pvc_vrata_ideal_7000_2-370x555.png 370w, https:\/\/artx.hr\/wp-content\/uploads\/2022\/11\/pvc_vrata_ideal_7000_2-760x1140.png 760w\" sizes=\"auto, (max-width: 1000px) 100vw, 1000px\" title=\"\"><\/div>\n\t\t<\/figure>\n\t<\/div>\n<\/div><\/div><\/div><div class=\"text_stranice wpb_animate_when_almost_visible wpb_fadeIn fadeIn wpb_column vc_column_container vc_col-sm-6 sc_layouts_column_icons_position_left\" id=\"ideal_7000_tehkar_text\"><div class=\"vc_column-inner vc_custom_1669291952031\"><div class=\"wpb_wrapper\">\n\t<div class=\"wpb_raw_code wpb_content_element wpb_raw_html vc_custom_1679514210281 text_stranice_inner\" >\n\t\t<div class=\"wpb_wrapper\">\n\t\t\t<p><strong>Caratteristiche tecniche:<\/strong><\/p>\n\n<ul class=\"nabrajanje\">\n<li><i class=\"fas fa-arrow-right\"><\/i><span>IDEAL 7000\u00ae \u00e8 un profilo a 6 camere ad altissima efficienza energetica in versione standard a doppia guarnizione per ottime prestazioni di tenuta acqua e di isolamento acustico e termico con valori compresi tra 1,3 e 0,8 W\/mqK<\/span><\/li>\n<li><i class=\"fas fa-arrow-right\"><\/i><span>Profondit\u00e0 costruttiva di 85 mm con la possibilit\u00e0 di inserire vetri o pannelli decorativi di spessore da 28 a 50 mm<\/span><\/li>\n<li><i class=\"fas fa-arrow-right\"><\/i><span>Sicurezza antieffrazione grazie alla tecnologia di incollaggio della lastra di vetro al battente. In pi\u00f9, i portoncini prevedono la possibilit\u00e0 di installare serratura di sicurezza a tre punti di chiusura per una maggior sicurezza antieffrazione<\/span><\/li>\n<li><i class=\"fas fa-arrow-right\"><\/i><span>Maggiore apporto di luce grazie al profilo pi\u00f9 stretto<\/span><\/li>\n<li><i class=\"fas fa-arrow-right\"><\/i><span>IDEAL 7000\u00ae \u00e8 un profilo dal design moderno che offre una variet\u00e0 di profili di connessione per una serie di diverse situazioni di installazione<\/span><\/li>\n<li><i class=\"fas fa-arrow-right\"><\/i><span>Disponibile in molteplici varianti di decoro, anche con cappottini in alluminio ALUSKIN con una vasta scelta di colori e finiture (combinazione PVC\/alluminio)<\/span><\/li>\n<li><i class=\"fas fa-arrow-right\"><\/i><span>IDEAL 7000\u00ae \u00e8 disponibile anche nella versione con l'anta completamente nascosta dietro la battuta del telaio<\/span><\/li>\n<\/ul>\n\n\n\t\t<\/div>\n\t<\/div>\n<\/div><\/div><\/div><\/div><div class=\"vc_row wpb_row vc_row-fluid sadrzaj text_big_container vc_custom_1669291592446\"><div class=\"text_stranice text_stranice_big aluplast_text_big wpb_animate_when_almost_visible wpb_bottom-to-top bottom-to-top wpb_column vc_column_container vc_col-sm-12 sc_layouts_column_icons_position_left\"><div class=\"vc_column-inner vc_custom_1668451072808\"><div class=\"wpb_wrapper\">\n\t<div class=\"wpb_text_column wpb_content_element  vc_custom_1679514261162\" id=\"ideal_8000_text_big1\">\n\t\t<div class=\"wpb_wrapper\">\n\t\t\t<p style=\"text-align: center;\">Con il nuovo sistema per portoncino Aluplast vai sul sicuro: unisci l\u2019estetica alle propriet\u00e0 di isolamento acustico, resistenza agli agenti atmosferici e sicurezza antieffrazione!<\/p>\n\n\t\t<\/div>\n\t<\/div>\n<\/div><\/div><\/div><\/div><div id=\"pvc_vrata_prakkar_container\" class=\"vc_row wpb_row vc_row-fluid sadrzaj vc_custom_1668379457914\"><div class=\"text_stranice wpb_animate_when_almost_visible wpb_fadeInLeft fadeInLeft wpb_column vc_column_container vc_col-sm-6 sc_layouts_column_icons_position_left\" id=\"ideal_7000_prakkar_text\"><div class=\"vc_column-inner vc_custom_1669291975448\"><div class=\"wpb_wrapper\">\n\t<div class=\"wpb_raw_code wpb_content_element wpb_raw_html vc_custom_1679514533188 text_stranice_inner\" >\n\t\t<div class=\"wpb_wrapper\">\n\t\t\t<p><strong>Caratteristiche di tipo pratico:<\/strong><\/p>\n\n<ul class=\"nabrajanje\">\n<li><i class=\"fas fa-arrow-right\"><\/i><span>Classico design moderno dalle linee diritte con una vasta scelta di profili di connessione per una serie di diverse situazioni di installazione<\/span><\/li>\n<li><i class=\"fas fa-arrow-right\"><\/i><span>I portoncini in PVC richiedono una manutenzione davvero minima<\/span><\/li>\n<li><i class=\"fas fa-arrow-right\"><\/i><span>Il PVC \u00e8 un materiale resistente agli agenti atmosferici, gas di scarico e detergenti<\/span><\/li>\n<li><i class=\"fas fa-arrow-right\"><\/i><span>La tecnologia moderna dei profili IDEAL 7000 consente di ottenere dei valori eccellenti in termini di isolamento termico, isolamento acustico, resistenza ad acqua e antieffrazione<\/span><\/li>\n<li><i class=\"fas fa-arrow-right\"><\/i><span>Grazie alle sue propriet\u00e0 isolanti offre un enorme potenziale di risparmio energetico ed \u00e8 per questo adatto per case a basso consumo energetico e per case passive<\/span><\/li>\n<li><i class=\"fas fa-arrow-right\"><\/i><span>Rispetto dell'ambiente grazie al riciclaggio semplice di profili e guarnizioni<\/span><\/li>\n<li><i class=\"fas fa-arrow-right\"><\/i><span>I portoncini in PVC hanno un prezzo accessibile<\/span><\/li>\n<\/ul>\n\n\n\t\t<\/div>\n\t<\/div>\n\n\t<div class=\"wpb_text_column wpb_content_element  wpb_animate_when_almost_visible wpb_fadeIn fadeIn vc_custom_1679514574012 text_stranice_big aluplast_text_big\" id=\"ideal_7000_text_big2\">\n\t\t<div class=\"wpb_wrapper\">\n\t\t\t<p style=\"text-align: left;\">Grazie alla resistenza e alla longevit\u00e0 del PVC, il tuo portoncino, le tue finestre e di conseguenza anche la tua casa, NON perderanno di valore nel tempo e daranno un contributo al risparmio energetico.<\/p>\n\n\t\t<\/div>\n\t<\/div>\n<\/div><\/div><\/div><div class=\"pvc_vrata_img_container wpb_animate_when_almost_visible wpb_fadeIn fadeIn wpb_column vc_column_container vc_col-sm-6 sc_layouts_column_icons_position_left\" id=\"ideal_7000_prakkar_img\"><div class=\"vc_column-inner vc_custom_1668455878053\"><div class=\"wpb_wrapper\">\n\t<div  class=\"wpb_single_image wpb_content_element vc_align_center\">\n\t\t\n\t\t<figure class=\"wpb_wrapper vc_figure\">\n\t\t\t<div class=\"vc_single_image-wrapper   vc_box_border_grey\"><img loading=\"lazy\" decoding=\"async\" width=\"750\" height=\"1200\" src=\"https:\/\/artx.hr\/wp-content\/uploads\/2022\/11\/pvc_vrata6.png\" class=\"vc_single_image-img attachment-full\" alt=\"Pvc vrata, Aluplast IDEAL 7000 Energeto konfigurator vrata\" srcset=\"https:\/\/artx.hr\/wp-content\/uploads\/2022\/11\/pvc_vrata6.png 750w, https:\/\/artx.hr\/wp-content\/uploads\/2022\/11\/pvc_vrata6-600x960.png 600w, https:\/\/artx.hr\/wp-content\/uploads\/2022\/11\/pvc_vrata6-188x300.png 188w, https:\/\/artx.hr\/wp-content\/uploads\/2022\/11\/pvc_vrata6-640x1024.png 640w, https:\/\/artx.hr\/wp-content\/uploads\/2022\/11\/pvc_vrata6-370x592.png 370w\" sizes=\"auto, (max-width: 750px) 100vw, 750px\" title=\"\"><\/div>\n\t\t<\/figure>\n\t<\/div>\n<\/div><\/div><\/div><\/div><div id=\"pogledajte_jos_pvc_vrata\" class=\"vc_row wpb_row vc_row-fluid sadrzaj\"><div class=\"wpb_animate_when_almost_visible wpb_fadeInRight fadeInRight wpb_column vc_column_container vc_col-sm-12 sc_layouts_column_icons_position_left\"><div class=\"vc_column-inner vc_custom_1656429021597\"><div class=\"wpb_wrapper\">\n\t<div class=\"wpb_text_column wpb_content_element  pogledajte_jos\" id=\"pvc_vrata_pogledajte_jos\">\n\t\t<div class=\"wpb_wrapper\">\n\t\t\t<p class=\"pogledajte_jos\">VEDI ANCHE:<\/p>\n<p><a class=\"linkovi\" href=\"https:\/\/artx.hr\/it\/finestre-porte-balcone-pvc\">FINESTRE E PORTE BALCONE IN PVC<\/a><br \/>\n<a class=\"linkovi\" href=\"https:\/\/artx.hr\/it\/porte-scorrevoli-pvc\">PORTE SCORREVOLI IN PVC<\/a><br \/>\n<a class=\"linkovi\" href=\"https:\/\/artx.hr\/it\/servizio-chiavi-in-mano\">SERVIZIO CHIAVI IN MANO<\/a><\/p>\n\n\t\t<\/div>\n\t<\/div>\n<\/div><\/div><\/div><\/div>","protected":false},"excerpt":{"rendered":"Configura online e ritira la tua nuova porta nel punto vendita di Art X! Configuratore porta in PVC Versione ad un'anta, due ante o con elementi laterali Porta con sopraluce Con vetro o in combinazione con pannelli La scelta del colore, tra il colore di base, il bianco e una vasta gamma di altri colori con la possibilit\u00e0 di scelta&hellip;","protected":false},"author":1,"featured_media":0,"parent":0,"menu_order":0,"comment_status":"closed","ping_status":"closed","template":"","meta":{"_acf_changed":false,"ngg_post_thumbnail":0,"footnotes":""},"class_list":["post-1813","page","type-page","status-publish","hentry"],"acf":[],"_links":{"self":[{"href":"https:\/\/artx.hr\/it\/wp-json\/wp\/v2\/pages\/1813","targetHints":{"allow":["GET"]}}],"collection":[{"href":"https:\/\/artx.hr\/it\/wp-json\/wp\/v2\/pages"}],"about":[{"href":"https:\/\/artx.hr\/it\/wp-json\/wp\/v2\/types\/page"}],"author":[{"embeddable":true,"href":"https:\/\/artx.hr\/it\/wp-json\/wp\/v2\/users\/1"}],"replies":[{"embeddable":true,"href":"https:\/\/artx.hr\/it\/wp-json\/wp\/v2\/comments?post=1813"}],"version-history":[{"count":9,"href":"https:\/\/artx.hr\/it\/wp-json\/wp\/v2\/pages\/1813\/revisions"}],"predecessor-version":[{"id":1982,"href":"https:\/\/artx.hr\/it\/wp-json\/wp\/v2\/pages\/1813\/revisions\/1982"}],"wp:attachment":[{"href":"https:\/\/artx.hr\/it\/wp-json\/wp\/v2\/media?parent=1813"}],"curies":[{"name":"wp","href":"https:\/\/api.w.org\/{rel}","templated":true}]}}