
{"id":1807,"date":"2022-05-03T00:39:44","date_gmt":"2022-05-03T00:39:44","guid":{"rendered":"https:\/\/artx.hr\/?page_id=1807"},"modified":"2023-05-01T09:16:42","modified_gmt":"2023-05-01T09:16:42","slug":"serramenti-pvc","status":"publish","type":"page","link":"https:\/\/artx.hr\/it\/serramenti-pvc","title":{"rendered":"Serramenti in PVC"},"content":{"rendered":"<div id=\"about_text_proizvodi_pvc\" class=\"vc_row wpb_row vc_row-fluid about_text_proizvodi vc_custom_1668812393187\"><div class=\"wpb_column vc_column_container vc_col-sm-12 sc_layouts_column_icons_position_left\"><div class=\"vc_column-inner vc_custom_1668298394117\"><div class=\"wpb_wrapper\">\n\t<div class=\"wpb_text_column wpb_content_element\" >\n\t\t<div class=\"wpb_wrapper\">\n\t\t\t<p style=\"text-align: center;\">Gli infissi in PVC rappresentano una soluzione conveniente e di ottima qualit\u00e0 contro il freddo invernale e il caldo estivo. Scopri l&#8217;offerta di Art X!<\/p>\n\n\t\t<\/div>\n\t<\/div>\n<\/div><\/div><\/div><\/div><div id=\"pvc_stolarija_items_container\" class=\"vc_row wpb_row vc_row-fluid sadrzaj items_4 vc_custom_1670579185635\"><div class=\"proizvodi_item wpb_column vc_column_container vc_col-sm-3 vc_col-has-fill sc_layouts_column_icons_position_left\" id=\"pvc_proizvodi_item_vrata\"><div class=\"vc_column-inner vc_custom_1670539899670\"><div class=\"wpb_wrapper\"><div class=\"vc_empty_space  proizvodi_item_img sc_height_tiny height_tiny\"   style=\"height: 250px\"><span class=\"vc_empty_space_inner\"><\/span><\/div>\n\t<div class=\"wpb_raw_code wpb_content_element wpb_raw_html vc_custom_1680248168440 proizvodi_item_text\" >\n\t\t<div class=\"wpb_wrapper\">\n\t\t\t<h4 style=\"text-align: center;\">Porte d'ingresso in PVC<\/h4>\n<a class=\"link_opsirnije\" href=\"https:\/\/artx.hr\/it\/porte-ingresso-pvc\">SCOPRI DI PI\u00d9<\/a>\n\t\t<\/div>\n\t<\/div>\n<\/div><\/div><\/div><div class=\"proizvodi_item wpb_column vc_column_container vc_col-sm-3 vc_col-has-fill sc_layouts_column_icons_position_left\" id=\"pvc_proizvodi_item_prozori\"><div class=\"vc_column-inner vc_custom_1653048386305\"><div class=\"wpb_wrapper\"><div class=\"vc_empty_space  proizvodi_item_img sc_height_tiny height_tiny\"   style=\"height: 250px\"><span class=\"vc_empty_space_inner\"><\/span><\/div>\n\t<div class=\"wpb_raw_code wpb_content_element wpb_raw_html vc_custom_1680248174307 proizvodi_item_text\" >\n\t\t<div class=\"wpb_wrapper\">\n\t\t\t<h4 style=\"text-align: center;\">Finestre e porte balcone in PVC<\/h4>\n<a class=\"link_opsirnije\" href=\"https:\/\/artx.hr\/it\/finestre-porte-balcone-pvc\">SCOPRI DI PI\u00d9<\/a>\n\t\t<\/div>\n\t<\/div>\n<\/div><\/div><\/div><div class=\"proizvodi_item wpb_column vc_column_container vc_col-sm-3 vc_col-has-fill sc_layouts_column_icons_position_left\" id=\"pvc_proizvodi_item_klizne_stijene\"><div class=\"vc_column-inner vc_custom_1668298818657\"><div class=\"wpb_wrapper\"><div class=\"vc_empty_space  proizvodi_item_img sc_height_tiny height_tiny\"   style=\"height: 250px\"><span class=\"vc_empty_space_inner\"><\/span><\/div>\n\t<div class=\"wpb_raw_code wpb_content_element wpb_raw_html vc_custom_1680248179542 proizvodi_item_text\" >\n\t\t<div class=\"wpb_wrapper\">\n\t\t\t<h4 style=\"text-align: center;\">Porte scorrevoli in PVC<\/h4>\n<a class=\"link_opsirnije\" href=\"https:\/\/artx.hr\/it\/porte-scorrevoli-pvc\">SCOPRI DI PI\u00d9<\/a>\n\t\t<\/div>\n\t<\/div>\n<\/div><\/div><\/div><div class=\"proizvodi_item wpb_column vc_column_container vc_col-sm-3 vc_col-has-fill sc_layouts_column_icons_position_left\" id=\"pvc_proizvodi_item_aluskin\"><div class=\"vc_column-inner vc_custom_1670579063280\"><div class=\"wpb_wrapper\"><div class=\"vc_empty_space  proizvodi_item_img sc_height_tiny height_tiny\"   style=\"height: 250px\"><span class=\"vc_empty_space_inner\"><\/span><\/div>\n\t<div class=\"wpb_raw_code wpb_content_element wpb_raw_html vc_custom_1680248314428 proizvodi_item_text\" >\n\t\t<div class=\"wpb_wrapper\">\n\t\t\t<h4 style=\"text-align: center;\">Aluskin<\/h4>\n<a class=\"link_opsirnije\" href=\"https:\/\/artx.hr\/it\/aluskin\">SCOPRI DI PI\u00d9<\/a>\n\t\t<\/div>\n\t<\/div>\n<\/div><\/div><\/div><\/div>","protected":false},"excerpt":{"rendered":"Gli infissi in PVC rappresentano una soluzione conveniente e di ottima qualit\u00e0 contro il freddo invernale e il caldo estivo. Scopri l'offerta di Art X! Porte d'ingresso in PVC SCOPRI DI PI\u00d9 Finestre e porte balcone in PVC SCOPRI DI PI\u00d9 Porte scorrevoli in PVC SCOPRI DI PI\u00d9 Aluskin SCOPRI DI PI\u00d9","protected":false},"author":1,"featured_media":0,"parent":0,"menu_order":0,"comment_status":"closed","ping_status":"closed","template":"","meta":{"_acf_changed":false,"ngg_post_thumbnail":0,"footnotes":""},"class_list":["post-1807","page","type-page","status-publish","hentry"],"acf":[],"_links":{"self":[{"href":"https:\/\/artx.hr\/it\/wp-json\/wp\/v2\/pages\/1807","targetHints":{"allow":["GET"]}}],"collection":[{"href":"https:\/\/artx.hr\/it\/wp-json\/wp\/v2\/pages"}],"about":[{"href":"https:\/\/artx.hr\/it\/wp-json\/wp\/v2\/types\/page"}],"author":[{"embeddable":true,"href":"https:\/\/artx.hr\/it\/wp-json\/wp\/v2\/users\/1"}],"replies":[{"embeddable":true,"href":"https:\/\/artx.hr\/it\/wp-json\/wp\/v2\/comments?post=1807"}],"version-history":[{"count":8,"href":"https:\/\/artx.hr\/it\/wp-json\/wp\/v2\/pages\/1807\/revisions"}],"predecessor-version":[{"id":2006,"href":"https:\/\/artx.hr\/it\/wp-json\/wp\/v2\/pages\/1807\/revisions\/2006"}],"wp:attachment":[{"href":"https:\/\/artx.hr\/it\/wp-json\/wp\/v2\/media?parent=1807"}],"curies":[{"name":"wp","href":"https:\/\/api.w.org\/{rel}","templated":true}]}}