
{"id":1890,"date":"2022-05-03T00:45:33","date_gmt":"2022-05-03T00:45:33","guid":{"rendered":"https:\/\/artx.hr\/?page_id=1890"},"modified":"2023-03-31T08:11:41","modified_gmt":"2023-03-31T08:11:41","slug":"zanzariere","status":"publish","type":"page","link":"http:\/\/artx.hr\/it\/zanzariere","title":{"rendered":"Zanzariere"},"content":{"rendered":"<div id=\"komarnici_uvod\" class=\"vc_row wpb_row vc_row-fluid vc_custom_1668675851792 vc_row-has-fill\"><div class=\"about_text_proizvodi_left wpb_column vc_column_container vc_col-sm-4 sc_layouts_column_icons_position_left\"><div class=\"vc_column-inner vc_custom_1668683896154\"><div class=\"wpb_wrapper\">\n\t<div class=\"wpb_text_column wpb_content_element  wpb_animate_when_almost_visible wpb_fadeInRight fadeInRight\" >\n\t\t<div class=\"wpb_wrapper\">\n\t\t\t<p class=\"uvod_stranice_text\" style=\"text-align: left;\"><span data-contrast=\"auto\">Le zanzariere rappresentano una protezione affidabile, una barriera fisica che impedisce l\u2019ingresso agli insetti e consente la circolazione dell&#8217;aria quando le porte e le finestre sono aperte. \u00c8 una soluzione che permette di godersi la vita senza insetti non solo d&#8217;estate ma tutto l&#8217;anno!<\/span><\/p>\n\n\t\t<\/div>\n\t<\/div>\n<\/div><\/div><\/div><div class=\"about_text_proizvodi_right wpb_animate_when_almost_visible wpb_fadeIn fadeIn wpb_column vc_column_container vc_col-sm-8 sc_layouts_column_icons_position_left\"><div class=\"vc_column-inner vc_custom_1668683610171\"><div class=\"wpb_wrapper\">\n\t<div class=\"wpb_raw_code wpb_content_element wpb_raw_html vc_custom_1679585381472\" id=\"komarnici_uvod_text_right_inner\">\n\t\t<div class=\"wpb_wrapper\">\n\t\t\t<ul class=\"nabrajanje\">\n<li><i class=\"fas fa-arrow-right\"><\/i><span>Realizzate con profili in alluminio antiruggine e rete in fibra di vetro e questo li rende resistenti a svariate condizioni meteorologiche e quindi durature<\/span><\/li>\n<li><i class=\"fas fa-arrow-right\"><\/i><span>Non sono dannose per l'ambiente: una valida protezione dalle zanzare e dagli altri insetti fastidiosi senza l'uso di sostanze chimiche pericolose<\/span><\/li>\n<li><i class=\"fas fa-arrow-right\"><\/i><span>Si montano sulla parte esterna della porta o della finestra in modo da non impedire la loro apertura e chiusura; inoltre, \u00e8 possibile installarle anche in un momento successivo indipendentemente dall'esistenza delle tapparelle o persiane<\/span><\/li>\n<li><i class=\"fas fa-arrow-right\"><\/i><span>Realizzazione su misura!<\/span><\/li>\n<li><i class=\"fas fa-arrow-right\"><\/i><span>La manutenzione delle zanzariere \u00e8 molto semplice da fare; basta un semplice passaggio dell'aspirapolvere o di un panno umido prima della stagione di utilizzo<\/span><\/li>\n<li><i class=\"fas fa-arrow-right\"><\/i><span>Il colore di base della parte in alluminio e delle guide \u00e8 il bianco, il marrone e l'antracite, mentre su richiesta sono disponibili tutte le tinte RAL. La rete \u00e8 di colore grigio scuro<\/span><\/li>\n<\/ul>\n\t\t<\/div>\n\t<\/div>\n<\/div><\/div><\/div><\/div><div id=\"komarnici_fiksni_container\" class=\"vc_row wpb_row vc_row-fluid sadrzaj vc_custom_1668685584819\"><div class=\"text_stranice wpb_animate_when_almost_visible wpb_fadeInLeft fadeInLeft wpb_column vc_column_container vc_col-sm-6 sc_layouts_column_icons_position_left\" id=\"komarnici_fiksni_text\"><div class=\"vc_column-inner vc_custom_1668685247166\"><div class=\"wpb_wrapper\">\n\t<div class=\"wpb_text_column wpb_content_element  wpb_animate_when_almost_visible wpb_fadeIn fadeIn vc_custom_1679585413756 text_stranice_big aluplast_text_big\" id=\"komarnici_text_big\">\n\t\t<div class=\"wpb_wrapper\">\n\t\t\t<p style=\"text-align: left;\">Si differenziano per il tipo di montaggio, per la modalit\u00e0 d&#8217;apertura, e per il tipo di rete. L&#8217;offerta di ART X comprende le seguenti tipologie di zanzariere:<\/p>\n\n\t\t<\/div>\n\t<\/div>\n\n\t<div class=\"wpb_text_column wpb_content_element  vc_custom_1679585470759\" id=\"komarnici_fiksni_text_inner\">\n\t\t<div class=\"wpb_wrapper\">\n\t\t\t<p><strong>Zanzariere fisse<\/strong><\/p>\n<p style=\"text-align: left;\">Vengono fissate direttamente sul telaio della finestra, facili da smontare e montare, ideali per finestre che non richiedono aperture frequenti. Il fissaggio avviene tramite ganci che permettono una facile rimozione per la pulizia o per toglierle semplicemente quando non servono pi\u00f9.<\/p>\n\n\t\t<\/div>\n\t<\/div>\n<\/div><\/div><\/div><div class=\"rolete_unutarnje_kutije_img_container wpb_animate_when_almost_visible wpb_fadeIn fadeIn wpb_column vc_column_container vc_col-sm-6 sc_layouts_column_icons_position_left\" id=\"rolete_unutarnje_kutije_img\"><div class=\"vc_column-inner vc_custom_1668635640847\"><div class=\"wpb_wrapper\">\n\t<div  class=\"wpb_single_image wpb_content_element vc_align_left\">\n\t\t\n\t\t<figure class=\"wpb_wrapper vc_figure\">\n\t\t\t<div class=\"vc_single_image-wrapper   vc_box_border_grey\"><img loading=\"lazy\" decoding=\"async\" width=\"1000\" height=\"922\" src=\"https:\/\/artx.hr\/wp-content\/uploads\/2022\/11\/komarnik1.jpg\" class=\"vc_single_image-img attachment-full\" alt=\"Fiksni komarnik\" srcset=\"https:\/\/artx.hr\/wp-content\/uploads\/2022\/11\/komarnik1.jpg 1000w, https:\/\/artx.hr\/wp-content\/uploads\/2022\/11\/komarnik1-600x553.jpg 600w, https:\/\/artx.hr\/wp-content\/uploads\/2022\/11\/komarnik1-300x277.jpg 300w, https:\/\/artx.hr\/wp-content\/uploads\/2022\/11\/komarnik1-768x708.jpg 768w, https:\/\/artx.hr\/wp-content\/uploads\/2022\/11\/komarnik1-370x341.jpg 370w, https:\/\/artx.hr\/wp-content\/uploads\/2022\/11\/komarnik1-760x701.jpg 760w\" sizes=\"auto, (max-width: 1000px) 100vw, 1000px\" title=\"\"><\/div>\n\t\t<\/figure>\n\t<\/div>\n<\/div><\/div><\/div><\/div><div id=\"komarnici_rolo_container\" class=\"vc_row wpb_row vc_row-fluid sadrzaj\"><div class=\"komarnici_rolo_img_container wpb_animate_when_almost_visible wpb_fadeIn fadeIn wpb_column vc_column_container vc_col-sm-6 sc_layouts_column_icons_position_left\" id=\"komarnici_rolo_img\"><div class=\"vc_column-inner vc_custom_1668685100625\"><div class=\"wpb_wrapper\">\n\t<div  class=\"wpb_single_image wpb_content_element vc_align_right\">\n\t\t\n\t\t<figure class=\"wpb_wrapper vc_figure\">\n\t\t\t<div class=\"vc_single_image-wrapper   vc_box_border_grey\"><img loading=\"lazy\" decoding=\"async\" width=\"1000\" height=\"922\" src=\"https:\/\/artx.hr\/wp-content\/uploads\/2022\/11\/komarnik2.jpg\" class=\"vc_single_image-img attachment-full\" alt=\"Rolo komarnik\" srcset=\"https:\/\/artx.hr\/wp-content\/uploads\/2022\/11\/komarnik2.jpg 1000w, https:\/\/artx.hr\/wp-content\/uploads\/2022\/11\/komarnik2-600x553.jpg 600w, https:\/\/artx.hr\/wp-content\/uploads\/2022\/11\/komarnik2-300x277.jpg 300w, https:\/\/artx.hr\/wp-content\/uploads\/2022\/11\/komarnik2-768x708.jpg 768w, https:\/\/artx.hr\/wp-content\/uploads\/2022\/11\/komarnik2-370x341.jpg 370w, https:\/\/artx.hr\/wp-content\/uploads\/2022\/11\/komarnik2-760x701.jpg 760w\" sizes=\"auto, (max-width: 1000px) 100vw, 1000px\" title=\"\"><\/div>\n\t\t<\/figure>\n\t<\/div>\n<\/div><\/div><\/div><div class=\"text_stranice wpb_animate_when_almost_visible wpb_fadeInRight fadeInRight wpb_column vc_column_container vc_col-sm-6 sc_layouts_column_icons_position_left\" id=\"komarnici_rolo_text\"><div class=\"vc_column-inner vc_custom_1668685600393\"><div class=\"wpb_wrapper\">\n\t<div class=\"wpb_text_column wpb_content_element  vc_custom_1679585705973\" id=\"komarnici_rolo_text_inner\">\n\t\t<div class=\"wpb_wrapper\">\n\t\t\t<p><strong>Zanzariere a rullo<\/strong><\/p>\n<p style=\"text-align: left;\">Ideali per essere installate su finestre di utilizzo frequente. Il modello a rullo si avvolge all&#8217;interno di un cassonetto in alluminio che permette di riavvolgere la rete quando non \u00e8 in funzione. La zanzariera a rullo scorre lungo le guide verticali in modo da non rovinare il telo durante l&#8217;utilizzo.<\/p>\n\n\t\t<\/div>\n\t<\/div>\n<\/div><\/div><\/div><\/div><div id=\"komarnici_harmo_container\" class=\"vc_row wpb_row vc_row-fluid sadrzaj vc_custom_1668685973892\"><div class=\"text_stranice wpb_animate_when_almost_visible wpb_fadeInLeft fadeInLeft wpb_column vc_column_container vc_col-sm-6 sc_layouts_column_icons_position_left\" id=\"komarnici_harmo_text\"><div class=\"vc_column-inner vc_custom_1668685777044\"><div class=\"wpb_wrapper\">\n\t<div class=\"wpb_text_column wpb_content_element  vc_custom_1679585842557\" id=\"komarnici_harmo_text_inner\">\n\t\t<div class=\"wpb_wrapper\">\n\t\t\t<p><strong>Zanzariere plissettate, &#8220;a zig zag&#8221; o &#8220;a fisarmonica&#8221;:<\/strong><\/p>\n<p style=\"text-align: left;\">Adatte per finestre, porte finestre e porte scorrevoli di uso frequente. La rete si apre e si chiude, ovvero si piega e si apre come una fisarmonica, il che la rende pi\u00f9 resistente e meno vulnerabile a rotture. Quando si hanno grandi aperture la zanzariera di tipo pliss\u00e9 puo&#8217; essere realizzata anche a due ante. A seconda dell&#8217;apertura di montaggio, la zanzariera pu\u00f2 essere a soglia bassa o alta.<\/p>\n\n\t\t<\/div>\n\t<\/div>\n<\/div><\/div><\/div><div class=\"komarnici_harmo_img_container wpb_animate_when_almost_visible wpb_fadeIn fadeIn wpb_column vc_column_container vc_col-sm-6 sc_layouts_column_icons_position_left\" id=\"komarnici_harmo_img\"><div class=\"vc_column-inner vc_custom_1668685807909\"><div class=\"wpb_wrapper\">\n\t<div  class=\"wpb_single_image wpb_content_element vc_align_left\">\n\t\t\n\t\t<figure class=\"wpb_wrapper vc_figure\">\n\t\t\t<div class=\"vc_single_image-wrapper   vc_box_border_grey\"><img loading=\"lazy\" decoding=\"async\" width=\"1000\" height=\"838\" src=\"https:\/\/artx.hr\/wp-content\/uploads\/2022\/11\/komarnik3.jpg\" class=\"vc_single_image-img attachment-full\" alt=\"Zig-Zag, plise ili harmonika komarnici\" srcset=\"https:\/\/artx.hr\/wp-content\/uploads\/2022\/11\/komarnik3.jpg 1000w, https:\/\/artx.hr\/wp-content\/uploads\/2022\/11\/komarnik3-600x503.jpg 600w, https:\/\/artx.hr\/wp-content\/uploads\/2022\/11\/komarnik3-300x251.jpg 300w, https:\/\/artx.hr\/wp-content\/uploads\/2022\/11\/komarnik3-768x644.jpg 768w, https:\/\/artx.hr\/wp-content\/uploads\/2022\/11\/komarnik3-370x310.jpg 370w, https:\/\/artx.hr\/wp-content\/uploads\/2022\/11\/komarnik3-760x637.jpg 760w\" sizes=\"auto, (max-width: 1000px) 100vw, 1000px\" title=\"\"><\/div>\n\t\t<\/figure>\n\t<\/div>\n<\/div><\/div><\/div><\/div><div id=\"komarnici_zaokretni_container\" class=\"vc_row wpb_row vc_row-fluid sadrzaj vc_custom_1668783947475\"><div class=\"komarnici_zaokretni_img_container wpb_animate_when_almost_visible wpb_fadeIn fadeIn wpb_column vc_column_container vc_col-sm-6 sc_layouts_column_icons_position_left\" id=\"komarnici_zaokretni_img\"><div class=\"vc_column-inner vc_custom_1668686554938\"><div class=\"wpb_wrapper\">\n\t<div  class=\"wpb_single_image wpb_content_element vc_align_center\">\n\t\t\n\t\t<figure class=\"wpb_wrapper vc_figure\">\n\t\t\t<div class=\"vc_single_image-wrapper   vc_box_border_grey\"><img loading=\"lazy\" decoding=\"async\" width=\"427\" height=\"640\" src=\"https:\/\/artx.hr\/wp-content\/uploads\/2022\/11\/komarnik4.jpg\" class=\"vc_single_image-img attachment-full\" alt=\"Ameri\u010dki,zaokretni komarnik\" srcset=\"https:\/\/artx.hr\/wp-content\/uploads\/2022\/11\/komarnik4.jpg 427w, https:\/\/artx.hr\/wp-content\/uploads\/2022\/11\/komarnik4-200x300.jpg 200w, https:\/\/artx.hr\/wp-content\/uploads\/2022\/11\/komarnik4-370x555.jpg 370w\" sizes=\"auto, (max-width: 427px) 100vw, 427px\" title=\"\"><\/div>\n\t\t<\/figure>\n\t<\/div>\n<\/div><\/div><\/div><div class=\"text_stranice wpb_animate_when_almost_visible wpb_fadeInRight fadeInRight wpb_column vc_column_container vc_col-sm-6 sc_layouts_column_icons_position_left\" id=\"komarnici_zaokretni_text\"><div class=\"vc_column-inner vc_custom_1668686573612\"><div class=\"wpb_wrapper\">\n\t<div class=\"wpb_text_column wpb_content_element  vc_custom_1679585917461\" id=\"komarnici_zaokretni_text_inner\">\n\t\t<div class=\"wpb_wrapper\">\n\t\t\t<p><strong>Zanzariere a battente o modello americano<\/strong><\/p>\n<p style=\"text-align: left;\">Hanno lo stesso sistema di apertura come una porta classica. Sono realizzate con profili in alluminio resistenti alla ruggine con rete in fibra di vetro. A seconda del vano di apertura della porta che viene protetto dagli insetti, la zanzariera pu\u00f2 essere costituita da un telaio proprio. Un speciale sistema magnetico garantisce la chiusura della zanzariera anche con forte vento.<\/p>\n\n\t\t<\/div>\n\t<\/div>\n<\/div><\/div><\/div><\/div><div class=\"vc_row wpb_row vc_row-fluid sadrzaj\"><div class=\"wpb_animate_when_almost_visible wpb_fadeInRight fadeInRight wpb_column vc_column_container vc_col-sm-12 sc_layouts_column_icons_position_left\"><div class=\"vc_column-inner vc_custom_1669202659082\"><div class=\"wpb_wrapper\">\n\t<div class=\"wpb_text_column wpb_content_element  pogledajte_jos\" >\n\t\t<div class=\"wpb_wrapper\">\n\t\t\t<p class=\"pogledajte_jos\">VEDI ANCHE:<\/p>\n<p><a class=\"linkovi\" href=\"https:\/\/artx.hr\/it\/sistemi-oscuranti\">SISTEMI OSCURANTI<\/a><br \/>\n<a class=\"linkovi\" href=\"https:\/\/artx.hr\/it\/davanzali\">DAVANZALI<\/a><\/p>\n\n\t\t<\/div>\n\t<\/div>\n<\/div><\/div><\/div><\/div>","protected":false},"excerpt":{"rendered":"Le zanzariere rappresentano una protezione affidabile, una barriera fisica che impedisce l\u2019ingresso agli insetti e consente la circolazione dell'aria quando le porte e le finestre sono aperte. \u00c8 una soluzione che permette di godersi la vita senza insetti non solo d'estate ma tutto l'anno! Realizzate con profili in alluminio antiruggine e rete in fibra di vetro e questo li rende&hellip;","protected":false},"author":1,"featured_media":0,"parent":0,"menu_order":0,"comment_status":"closed","ping_status":"closed","template":"","meta":{"_acf_changed":false,"ngg_post_thumbnail":0,"footnotes":""},"class_list":["post-1890","page","type-page","status-publish","hentry"],"acf":[],"_links":{"self":[{"href":"http:\/\/artx.hr\/it\/wp-json\/wp\/v2\/pages\/1890","targetHints":{"allow":["GET"]}}],"collection":[{"href":"http:\/\/artx.hr\/it\/wp-json\/wp\/v2\/pages"}],"about":[{"href":"http:\/\/artx.hr\/it\/wp-json\/wp\/v2\/types\/page"}],"author":[{"embeddable":true,"href":"http:\/\/artx.hr\/it\/wp-json\/wp\/v2\/users\/1"}],"replies":[{"embeddable":true,"href":"http:\/\/artx.hr\/it\/wp-json\/wp\/v2\/comments?post=1890"}],"version-history":[{"count":4,"href":"http:\/\/artx.hr\/it\/wp-json\/wp\/v2\/pages\/1890\/revisions"}],"predecessor-version":[{"id":1991,"href":"http:\/\/artx.hr\/it\/wp-json\/wp\/v2\/pages\/1890\/revisions\/1991"}],"wp:attachment":[{"href":"http:\/\/artx.hr\/it\/wp-json\/wp\/v2\/media?parent=1890"}],"curies":[{"name":"wp","href":"https:\/\/api.w.org\/{rel}","templated":true}]}}